{"id":77,"date":"2020-06-20T14:45:54","date_gmt":"2020-06-20T12:45:54","guid":{"rendered":"http:\/\/tatamackintosh.com\/?page_id=77"},"modified":"2023-12-10T10:22:59","modified_gmt":"2023-12-10T09:22:59","slug":"a-propos-2","status":"publish","type":"page","link":"https:\/\/tatamackintosh.com\/index.php\/a-propos-2\/","title":{"rendered":"A propos"},"content":{"rendered":"\n<figure class=\"wp-block-image size-large is-resized\"><img loading=\"lazy\" decoding=\"async\" width=\"1024\" height=\"683\" src=\"https:\/\/tatamackintosh.com\/wp-content\/uploads\/2020\/06\/A-Propos-1-1024x683.png\" alt=\"\" class=\"wp-image-78\" style=\"width:750px;height:550px\" srcset=\"https:\/\/tatamackintosh.com\/wp-content\/uploads\/2020\/06\/A-Propos-1-1024x683.png 1024w, https:\/\/tatamackintosh.com\/wp-content\/uploads\/2020\/06\/A-Propos-1-300x200.png 300w, https:\/\/tatamackintosh.com\/wp-content\/uploads\/2020\/06\/A-Propos-1-768x512.png 768w, https:\/\/tatamackintosh.com\/wp-content\/uploads\/2020\/06\/A-Propos-1-1536x1024.png 1536w, https:\/\/tatamackintosh.com\/wp-content\/uploads\/2020\/06\/A-Propos-1-2048x1365.png 2048w, https:\/\/tatamackintosh.com\/wp-content\/uploads\/2020\/06\/A-Propos-1-1140x760.png 1140w\" sizes=\"auto, (max-width: 1024px) 100vw, 1024px\" \/><\/figure>\n\n\n\n<p><\/p>\n\n\n\n<h4 class=\"wp-block-heading has-text-align-center\" id=\"qui-est-tata-mackintosh\"><strong>Qui est Tata Mackintosh<\/strong>?<\/h4>\n\n\n\n<p class=\"has-text-align-center\">Tata, 35 ans, belge, parfaitement imparfaite. <\/p>\n\n\n\n<p class=\"has-text-align-center\">Future \u00e9pouse de Dwayne \u00ab\u00a0The Rock\u00a0\u00bb Johnson.<\/p>\n\n\n\n<p class=\"has-text-align-center\">Allergie s\u00e9v\u00e8re \u00e0 C\u00e9line Dion.<\/p>\n\n\n\n<p class=\"has-text-align-center\">Mais si vous voulez en savoir plus, il faudra aller lire mes articles.<\/p>\n\n\n\n<h4 class=\"wp-block-heading has-text-align-center\" id=\"pourquoi-j-ai-cree-ce-blog\"><strong>\u200bPourquoi j&rsquo;ai cr\u00e9\u00e9 ce blog?<\/strong><\/h4>\n\n\n\n<p class=\"has-text-align-center\">Ecrire me procure beaucoup de plaisir et me rend heureuse. Puis aussi, les membres de ma famille en avaient un peu marre d&rsquo;\u00eatre les seuls \u00e0 \u00e9couter mes histoires. Ce blog est donc le lieu id\u00e9al pour partager mes r\u00e9flexions. Et si par hasard, mes articles sont appr\u00e9ci\u00e9s par les\u00a0personnes qui me lisent, ce sera la cerise sur le cupcake.<\/p>\n","protected":false},"excerpt":{"rendered":"<p>Qui est Tata Mackintosh? Tata, 35 ans, belge, parfaitement imparfaite. Future \u00e9pouse de Dwayne \u00ab\u00a0The Rock\u00a0\u00bb Johnson. Allergie s\u00e9v\u00e8re \u00e0 C\u00e9line Dion. Mais si vous voulez en savoir plus, il faudra aller lire mes articles. \u200bPourquoi j&rsquo;ai cr\u00e9\u00e9 ce blog? Ecrire me procure beaucoup de plaisir et me rend heureuse. Puis aussi, les membres de ma famille en avaient un peu marre d&rsquo;\u00eatre les seuls \u00e0 \u00e9couter mes histoires. Ce blog est donc le lieu id\u00e9al pour partager mes r\u00e9flexions. Et si par hasard, mes articles sont appr\u00e9ci\u00e9s par les\u00a0personnes qui me lisent, ce sera la cerise sur le cupcake.<\/p>\n","protected":false},"author":1,"featured_media":0,"parent":0,"menu_order":0,"comment_status":"closed","ping_status":"closed","template":"","meta":{"_monsterinsights_skip_tracking":false,"_monsterinsights_sitenote_active":false,"_monsterinsights_sitenote_note":"","_monsterinsights_sitenote_category":0,"footnotes":""},"class_list":["post-77","page","type-page","status-publish","hentry"],"aioseo_notices":[],"_links":{"self":[{"href":"https:\/\/tatamackintosh.com\/index.php\/wp-json\/wp\/v2\/pages\/77","targetHints":{"allow":["GET"]}}],"collection":[{"href":"https:\/\/tatamackintosh.com\/index.php\/wp-json\/wp\/v2\/pages"}],"about":[{"href":"https:\/\/tatamackintosh.com\/index.php\/wp-json\/wp\/v2\/types\/page"}],"author":[{"embeddable":true,"href":"https:\/\/tatamackintosh.com\/index.php\/wp-json\/wp\/v2\/users\/1"}],"replies":[{"embeddable":true,"href":"https:\/\/tatamackintosh.com\/index.php\/wp-json\/wp\/v2\/comments?post=77"}],"version-history":[{"count":17,"href":"https:\/\/tatamackintosh.com\/index.php\/wp-json\/wp\/v2\/pages\/77\/revisions"}],"predecessor-version":[{"id":2604,"href":"https:\/\/tatamackintosh.com\/index.php\/wp-json\/wp\/v2\/pages\/77\/revisions\/2604"}],"wp:attachment":[{"href":"https:\/\/tatamackintosh.com\/index.php\/wp-json\/wp\/v2\/media?parent=77"}],"curies":[{"name":"wp","href":"https:\/\/api.w.org\/{rel}","templated":true}]}}